{"id":2373,"date":"2020-07-14T11:26:43","date_gmt":"2020-07-14T11:26:43","guid":{"rendered":"https:\/\/singlemalt.qodeinteractive.com\/?page_id=2373"},"modified":"2025-05-28T07:40:18","modified_gmt":"2025-05-28T12:40:18","slug":"nosotros","status":"publish","type":"page","link":"https:\/\/kofedrink.com\/index.php\/nosotros\/","title":{"rendered":"ABOUT US"},"content":{"rendered":"\t\t<div data-elementor-type=\"wp-page\" data-elementor-id=\"2373\" class=\"elementor elementor-2373\" data-elementor-settings=\"{&quot;ha_cmc_init_switcher&quot;:&quot;no&quot;}\" data-elementor-post-type=\"page\">\n\t\t\t\t<div class=\"elementor-element elementor-element-5bded54 e-flex e-con-boxed e-con e-parent\" data-id=\"5bded54\" data-element_type=\"container\" data-settings=\"{&quot;_ha_eqh_enable&quot;:false}\">\n\t\t\t\t\t<div class=\"e-con-inner\">\n\t\t\t\t\t<\/div>\n\t\t\t\t<\/div>\n\t\t<div class=\"elementor-element elementor-element-c1cf975 elementor-hidden-tablet elementor-hidden-mobile e-flex e-con-boxed e-con e-parent\" data-id=\"c1cf975\" data-element_type=\"container\" data-settings=\"{&quot;_ha_eqh_enable&quot;:false}\">\n\t\t\t\t\t<div class=\"e-con-inner\">\n\t\t\t\t<div class=\"elementor-element elementor-element-f9c28a6 elementor-widget elementor-widget-heading\" data-id=\"f9c28a6\" data-element_type=\"widget\" data-widget_type=\"heading.default\">\n\t\t\t\t<div class=\"elementor-widget-container\">\n\t\t\t\t\t<h2 class=\"elementor-heading-title elementor-size-default\">QUIenes somos<\/h2>\t\t\t\t<\/div>\n\t\t\t\t<\/div>\n\t\t\t\t<div class=\"elementor-element elementor-element-b1735c6 elementor-widget__width-initial elementor-widget elementor-widget-text-editor\" data-id=\"b1735c6\" data-element_type=\"widget\" data-widget_type=\"text-editor.default\">\n\t\t\t\t<div class=\"elementor-widget-container\">\n\t\t\t\t\t\t\t\t\t<p>Somos una empresa enfocada en la generaci\u00f3n de bienestar a trav\u00e9s de productos saludables que potencian el desarrollo f\u00edsico, mental y emocional. <span style=\"letter-spacing: 0px;\">Creamos productos con mezclas de ingredientes conscientes y saludables para potenciar tu bienestar.<\/span><\/p>\t\t\t\t\t\t\t\t<\/div>\n\t\t\t\t<\/div>\n\t\t\t\t<div class=\"elementor-element elementor-element-8278499 elementor-widget elementor-widget-heading\" data-id=\"8278499\" data-element_type=\"widget\" data-widget_type=\"heading.default\">\n\t\t\t\t<div class=\"elementor-widget-container\">\n\t\t\t\t\t<h2 class=\"elementor-heading-title elementor-size-default\">Nuestra Misi\u00f3n<\/h2>\t\t\t\t<\/div>\n\t\t\t\t<\/div>\n\t\t\t\t<div class=\"elementor-element elementor-element-47c220c elementor-widget__width-initial elementor-widget elementor-widget-text-editor\" data-id=\"47c220c\" data-element_type=\"widget\" data-widget_type=\"text-editor.default\">\n\t\t\t\t<div class=\"elementor-widget-container\">\n\t\t\t\t\t\t\t\t\t<p>En KOFE, creamos impulsos de bienestar que te impulsan a alcanzar tu m\u00e1ximo potencial. Nuestra misi\u00f3n es ofrecerte, en el momento justo, productos saludables y conscientes que fortalezcan tu cuerpo, nutran tu mente y equilibren tus emociones. Porque creemos que el bienestar real es integral, accesible y constante.<\/p>\t\t\t\t\t\t\t\t<\/div>\n\t\t\t\t<\/div>\n\t\t\t\t<div class=\"elementor-element elementor-element-672ccb9 elementor-widget__width-initial elementor-absolute elementor-widget elementor-widget-image\" data-id=\"672ccb9\" data-element_type=\"widget\" data-settings=\"{&quot;_position&quot;:&quot;absolute&quot;}\" data-widget_type=\"image.default\">\n\t\t\t\t<div class=\"elementor-widget-container\">\n\t\t\t\t\t\t\t\t\t\t\t\t\t\t\t<img fetchpriority=\"high\" decoding=\"async\" width=\"790\" height=\"497\" src=\"https:\/\/kofedrink.com\/wp-content\/uploads\/2025\/05\/\u2601-KOFE-Pagina-WEB-Diseno-Visual-2.png\" class=\"attachment-large size-large wp-image-7429\" alt=\"\" srcset=\"https:\/\/kofedrink.com\/wp-content\/uploads\/2025\/05\/\u2601-KOFE-Pagina-WEB-Diseno-Visual-2.png 790w, https:\/\/kofedrink.com\/wp-content\/uploads\/2025\/05\/\u2601-KOFE-Pagina-WEB-Diseno-Visual-2-300x189.png 300w, https:\/\/kofedrink.com\/wp-content\/uploads\/2025\/05\/\u2601-KOFE-Pagina-WEB-Diseno-Visual-2-768x483.png 768w, https:\/\/kofedrink.com\/wp-content\/uploads\/2025\/05\/\u2601-KOFE-Pagina-WEB-Diseno-Visual-2-600x377.png 600w\" sizes=\"(max-width: 790px) 100vw, 790px\" \/>\t\t\t\t\t\t\t\t\t\t\t\t\t\t\t<\/div>\n\t\t\t\t<\/div>\n\t\t\t\t\t<\/div>\n\t\t\t\t<\/div>\n\t\t<div class=\"elementor-element elementor-element-9eb87f9 elementor-hidden-desktop elementor-hidden-tablet e-flex e-con-boxed e-con e-parent\" data-id=\"9eb87f9\" data-element_type=\"container\" data-settings=\"{&quot;_ha_eqh_enable&quot;:false}\">\n\t\t\t\t\t<div class=\"e-con-inner\">\n\t\t\t\t<div class=\"elementor-element elementor-element-6dfeacb elementor-widget elementor-widget-heading\" data-id=\"6dfeacb\" data-element_type=\"widget\" data-widget_type=\"heading.default\">\n\t\t\t\t<div class=\"elementor-widget-container\">\n\t\t\t\t\t<h2 class=\"elementor-heading-title elementor-size-default\">QUIenes somos<\/h2>\t\t\t\t<\/div>\n\t\t\t\t<\/div>\n\t\t\t\t<div class=\"elementor-element elementor-element-b55fdc8 elementor-widget__width-initial elementor-widget-mobile__width-initial elementor-widget elementor-widget-text-editor\" data-id=\"b55fdc8\" data-element_type=\"widget\" data-widget_type=\"text-editor.default\">\n\t\t\t\t<div class=\"elementor-widget-container\">\n\t\t\t\t\t\t\t\t\t<p>Somos una empresa enfocada en la generaci\u00f3n de bienestar a trav\u00e9s de productos saludables que potencian el desarrollo f\u00edsico, mental y emocional. <span style=\"letter-spacing: 0px;\">Creamos productos con mezclas de ingredientes conscientes y saludables para potenciar tu bienestar.<\/span><\/p>\t\t\t\t\t\t\t\t<\/div>\n\t\t\t\t<\/div>\n\t\t\t\t<div class=\"elementor-element elementor-element-2ef46be elementor-widget elementor-widget-heading\" data-id=\"2ef46be\" data-element_type=\"widget\" data-widget_type=\"heading.default\">\n\t\t\t\t<div class=\"elementor-widget-container\">\n\t\t\t\t\t<h2 class=\"elementor-heading-title elementor-size-default\">Nuestra Misi\u00f3n<\/h2>\t\t\t\t<\/div>\n\t\t\t\t<\/div>\n\t\t\t\t<div class=\"elementor-element elementor-element-7dc419c elementor-widget__width-initial elementor-widget-mobile__width-initial elementor-widget elementor-widget-text-editor\" data-id=\"7dc419c\" data-element_type=\"widget\" data-widget_type=\"text-editor.default\">\n\t\t\t\t<div class=\"elementor-widget-container\">\n\t\t\t\t\t\t\t\t\t<p>En KOFE, creamos impulsos de bienestar que te impulsan a alcanzar tu m\u00e1ximo potencial. Nuestra misi\u00f3n es ofrecerte, en el momento justo, productos saludables y conscientes que fortalezcan tu cuerpo, nutran tu mente y equilibren tus emociones. Porque creemos que el bienestar real es integral, accesible y constante.<\/p>\t\t\t\t\t\t\t\t<\/div>\n\t\t\t\t<\/div>\n\t\t\t\t<div class=\"elementor-element elementor-element-e3bae34 elementor-widget elementor-widget-image\" data-id=\"e3bae34\" data-element_type=\"widget\" data-widget_type=\"image.default\">\n\t\t\t\t<div class=\"elementor-widget-container\">\n\t\t\t\t\t\t\t\t\t\t\t\t\t\t\t<img decoding=\"async\" width=\"707\" height=\"539\" src=\"https:\/\/kofedrink.com\/wp-content\/uploads\/2025\/05\/\u2601-KOFE-Pagina-WEB-Diseno-Visual-1.png\" class=\"attachment-large size-large wp-image-7425\" alt=\"\" srcset=\"https:\/\/kofedrink.com\/wp-content\/uploads\/2025\/05\/\u2601-KOFE-Pagina-WEB-Diseno-Visual-1.png 707w, https:\/\/kofedrink.com\/wp-content\/uploads\/2025\/05\/\u2601-KOFE-Pagina-WEB-Diseno-Visual-1-300x229.png 300w, https:\/\/kofedrink.com\/wp-content\/uploads\/2025\/05\/\u2601-KOFE-Pagina-WEB-Diseno-Visual-1-600x457.png 600w\" sizes=\"(max-width: 707px) 100vw, 707px\" \/>\t\t\t\t\t\t\t\t\t\t\t\t\t\t\t<\/div>\n\t\t\t\t<\/div>\n\t\t\t\t<div class=\"elementor-element elementor-element-9004258 elementor-widget__width-initial elementor-absolute elementor-widget elementor-widget-image\" data-id=\"9004258\" data-element_type=\"widget\" data-settings=\"{&quot;_position&quot;:&quot;absolute&quot;}\" data-widget_type=\"image.default\">\n\t\t\t\t<div class=\"elementor-widget-container\">\n\t\t\t\t\t\t\t\t\t\t\t\t\t\t\t<img fetchpriority=\"high\" decoding=\"async\" width=\"790\" height=\"497\" src=\"https:\/\/kofedrink.com\/wp-content\/uploads\/2025\/05\/\u2601-KOFE-Pagina-WEB-Diseno-Visual-2.png\" class=\"attachment-large size-large wp-image-7429\" alt=\"\" srcset=\"https:\/\/kofedrink.com\/wp-content\/uploads\/2025\/05\/\u2601-KOFE-Pagina-WEB-Diseno-Visual-2.png 790w, https:\/\/kofedrink.com\/wp-content\/uploads\/2025\/05\/\u2601-KOFE-Pagina-WEB-Diseno-Visual-2-300x189.png 300w, https:\/\/kofedrink.com\/wp-content\/uploads\/2025\/05\/\u2601-KOFE-Pagina-WEB-Diseno-Visual-2-768x483.png 768w, https:\/\/kofedrink.com\/wp-content\/uploads\/2025\/05\/\u2601-KOFE-Pagina-WEB-Diseno-Visual-2-600x377.png 600w\" sizes=\"(max-width: 790px) 100vw, 790px\" \/>\t\t\t\t\t\t\t\t\t\t\t\t\t\t\t<\/div>\n\t\t\t\t<\/div>\n\t\t\t\t\t<\/div>\n\t\t\t\t<\/div>\n\t\t<div class=\"elementor-element elementor-element-332bfe9 elementor-hidden-desktop e-flex e-con-boxed e-con e-parent\" data-id=\"332bfe9\" data-element_type=\"container\" data-settings=\"{&quot;_ha_eqh_enable&quot;:false}\">\n\t\t\t\t\t<div class=\"e-con-inner\">\n\t\t\t\t<div class=\"elementor-element elementor-element-8922b0c elementor-widget elementor-widget-heading\" data-id=\"8922b0c\" data-element_type=\"widget\" data-widget_type=\"heading.default\">\n\t\t\t\t<div class=\"elementor-widget-container\">\n\t\t\t\t\t<h3 class=\"elementor-heading-title elementor-size-default\">SIGUENOS!<\/h3>\t\t\t\t<\/div>\n\t\t\t\t<\/div>\n\t\t\t\t<div class=\"elementor-element elementor-element-debf3df elementor-widget elementor-widget-ha-social-icons happy-addon ha-social-icons\" data-id=\"debf3df\" data-element_type=\"widget\" data-widget_type=\"ha-social-icons.default\">\n\t\t\t\t<div class=\"elementor-widget-container\">\n\t\t\t\t\t\t\t<div class=\"ha-social-icons-wrapper \">\n\t\t\t\t\t\t\t<a href=\"https:\/\/www.instagram.com\/kofe.drink\/\" class=\"ha-social-icon elementor-repeater-item-9df2c97  elementor-social-icon-instagram ha-social-icon--network\">\n\t\t\t\t\t<svg class=\"e-font-icon-svg e-fab-instagram\" viewBox=\"0 0 448 512\" xmlns=\"http:\/\/www.w3.org\/2000\/svg\"><path d=\"M224.1 141c-63.6 0-114.9 51.3-114.9 114.9s51.3 114.9 114.9 114.9S339 319.5 339 255.9 287.7 141 224.1 141zm0 189.6c-41.1 0-74.7-33.5-74.7-74.7s33.5-74.7 74.7-74.7 74.7 33.5 74.7 74.7-33.6 74.7-74.7 74.7zm146.4-194.3c0 14.9-12 26.8-26.8 26.8-14.9 0-26.8-12-26.8-26.8s12-26.8 26.8-26.8 26.8 12 26.8 26.8zm76.1 27.2c-1.7-35.9-9.9-67.7-36.2-93.9-26.2-26.2-58-34.4-93.9-36.2-37-2.1-147.9-2.1-184.9 0-35.8 1.7-67.6 9.9-93.9 36.1s-34.4 58-36.2 93.9c-2.1 37-2.1 147.9 0 184.9 1.7 35.9 9.9 67.7 36.2 93.9s58 34.4 93.9 36.2c37 2.1 147.9 2.1 184.9 0 35.9-1.7 67.7-9.9 93.9-36.2 26.2-26.2 34.4-58 36.2-93.9 2.1-37 2.1-147.8 0-184.8zM398.8 388c-7.8 19.6-22.9 34.7-42.6 42.6-29.5 11.7-99.5 9-132.1 9s-102.7 2.6-132.1-9c-19.6-7.8-34.7-22.9-42.6-42.6-11.7-29.5-9-99.5-9-132.1s-2.6-102.7 9-132.1c7.8-19.6 22.9-34.7 42.6-42.6 29.5-11.7 99.5-9 132.1-9s102.7-2.6 132.1 9c19.6 7.8 34.7 22.9 42.6 42.6 11.7 29.5 9 99.5 9 132.1s2.7 102.7-9 132.1z\"><\/path><\/svg>\t\t\t\t<\/a>\n\t\t\t\t\t\t<\/div>\n\t\t\t\t\t\t<\/div>\n\t\t\t\t<\/div>\n\t\t\t\t\t<\/div>\n\t\t\t\t<\/div>\n\t\t<div class=\"elementor-element elementor-element-9dff4a2 e-flex e-con-boxed e-con e-parent\" data-id=\"9dff4a2\" data-element_type=\"container\" data-settings=\"{&quot;_ha_eqh_enable&quot;:false}\">\n\t\t\t\t\t<div class=\"e-con-inner\">\n\t\t\t\t<div class=\"elementor-element elementor-element-f30bb49 elementor-widget__width-initial elementor-absolute elementor-widget elementor-widget-image\" data-id=\"f30bb49\" data-element_type=\"widget\" data-settings=\"{&quot;_position&quot;:&quot;absolute&quot;}\" data-widget_type=\"image.default\">\n\t\t\t\t<div class=\"elementor-widget-container\">\n\t\t\t\t\t\t\t\t\t\t\t\t\t\t\t<img decoding=\"async\" width=\"1024\" height=\"360\" src=\"https:\/\/kofedrink.com\/wp-content\/uploads\/2025\/05\/dfffffff.svg\" class=\"attachment-large size-large wp-image-8047\" alt=\"\" \/>\t\t\t\t\t\t\t\t\t\t\t\t\t\t\t<\/div>\n\t\t\t\t<\/div>\n\t\t\t\t<div class=\"elementor-element elementor-element-a94ef96 elementor-widget__width-initial elementor-absolute elementor-widget elementor-widget-image\" data-id=\"a94ef96\" data-element_type=\"widget\" data-settings=\"{&quot;_position&quot;:&quot;absolute&quot;}\" data-widget_type=\"image.default\">\n\t\t\t\t<div class=\"elementor-widget-container\">\n\t\t\t\t\t\t\t\t\t\t\t\t\t\t\t<img decoding=\"async\" width=\"1024\" height=\"360\" src=\"https:\/\/kofedrink.com\/wp-content\/uploads\/2025\/05\/dfffffff.svg\" class=\"attachment-large size-large wp-image-8047\" alt=\"\" \/>\t\t\t\t\t\t\t\t\t\t\t\t\t\t\t<\/div>\n\t\t\t\t<\/div>\n\t\t\t\t<div class=\"elementor-element elementor-element-61522ea elementor-widget__width-initial elementor-absolute elementor-widget elementor-widget-image\" data-id=\"61522ea\" data-element_type=\"widget\" data-settings=\"{&quot;_position&quot;:&quot;absolute&quot;}\" data-widget_type=\"image.default\">\n\t\t\t\t<div class=\"elementor-widget-container\">\n\t\t\t\t\t\t\t\t\t\t\t\t\t\t\t<img decoding=\"async\" width=\"1024\" height=\"360\" src=\"https:\/\/kofedrink.com\/wp-content\/uploads\/2025\/05\/dfffffff.svg\" class=\"attachment-large size-large wp-image-8047\" alt=\"\" \/>\t\t\t\t\t\t\t\t\t\t\t\t\t\t\t<\/div>\n\t\t\t\t<\/div>\n\t\t\t\t\t<\/div>\n\t\t\t\t<\/div>\n\t\t<div class=\"elementor-element elementor-element-1cdb1557 elementor-hidden-mobile e-grid e-con-boxed e-con e-parent\" data-id=\"1cdb1557\" data-element_type=\"container\" data-settings=\"{&quot;background_background&quot;:&quot;classic&quot;,&quot;_ha_eqh_enable&quot;:false}\">\n\t\t\t\t\t<div class=\"e-con-inner\">\n\t\t\t\t<div class=\"elementor-element elementor-element-5b99feee elementor-widget elementor-widget-text-editor\" data-id=\"5b99feee\" data-element_type=\"widget\" data-widget_type=\"text-editor.default\">\n\t\t\t\t<div class=\"elementor-widget-container\">\n\t\t\t\t\t\t\t\t\t<p><span style=\"letter-spacing: 0px;\"><b>Sobre KOFE CORP S.A.S <\/b><\/span><\/p><p><span style=\"letter-spacing: 0px;\">Somos una empresa enfocada en la generaci\u00f3n de bienestar a trav\u00e9s de productos saludables que potencian el desarrollo f\u00edsico, mental y emocional.<\/span><\/p>\t\t\t\t\t\t\t\t<\/div>\n\t\t\t\t<\/div>\n\t\t\t\t<div class=\"elementor-element elementor-element-f65a8d6 elementor-absolute elementor-widget elementor-widget-text-editor\" data-id=\"f65a8d6\" data-element_type=\"widget\" data-settings=\"{&quot;_position&quot;:&quot;absolute&quot;}\" data-widget_type=\"text-editor.default\">\n\t\t\t\t<div class=\"elementor-widget-container\">\n\t\t\t\t\t\t\t\t\t<p>KOFE CORP SAS \u00a9 TODOS LOS DERECHOS RESERVADOS<\/p>\t\t\t\t\t\t\t\t<\/div>\n\t\t\t\t<\/div>\n\t\t\t\t<div class=\"elementor-element elementor-element-65b1ac01 elementor-absolute elementor-widget elementor-widget-ha-social-icons happy-addon ha-social-icons\" data-id=\"65b1ac01\" data-element_type=\"widget\" data-settings=\"{&quot;_position&quot;:&quot;absolute&quot;}\" data-widget_type=\"ha-social-icons.default\">\n\t\t\t\t<div class=\"elementor-widget-container\">\n\t\t\t\t\t\t\t<div class=\"ha-social-icons-wrapper \">\n\t\t\t\t\t\t\t<a href=\"mailto:kofe.drink@gmail.com\" class=\"ha-social-icon elementor-repeater-item-9e0bb11  elementor-social-icon-hugehuge-mail-01 ha-social-icon--network\">\n\t\t\t\t\t<i class=\"huge huge-mail-01\"><\/i>\t\t\t\t<\/a>\n\t\t\t\t\t\t\t\t<a href=\"https:\/\/wa.link\/brdvef\" class=\"ha-social-icon elementor-repeater-item-692274a  elementor-social-icon-whatsapp ha-social-icon--network\">\n\t\t\t\t\t<svg class=\"e-font-icon-svg e-fab-whatsapp\" viewBox=\"0 0 448 512\" xmlns=\"http:\/\/www.w3.org\/2000\/svg\"><path d=\"M380.9 97.1C339 55.1 283.2 32 223.9 32c-122.4 0-222 99.6-222 222 0 39.1 10.2 77.3 29.6 111L0 480l117.7-30.9c32.4 17.7 68.9 27 106.1 27h.1c122.3 0 224.1-99.6 224.1-222 0-59.3-25.2-115-67.1-157zm-157 341.6c-33.2 0-65.7-8.9-94-25.7l-6.7-4-69.8 18.3L72 359.2l-4.4-7c-18.5-29.4-28.2-63.3-28.2-98.2 0-101.7 82.8-184.5 184.6-184.5 49.3 0 95.6 19.2 130.4 54.1 34.8 34.9 56.2 81.2 56.1 130.5 0 101.8-84.9 184.6-186.6 184.6zm101.2-138.2c-5.5-2.8-32.8-16.2-37.9-18-5.1-1.9-8.8-2.8-12.5 2.8-3.7 5.6-14.3 18-17.6 21.8-3.2 3.7-6.5 4.2-12 1.4-32.6-16.3-54-29.1-75.5-66-5.7-9.8 5.7-9.1 16.3-30.3 1.8-3.7.9-6.9-.5-9.7-1.4-2.8-12.5-30.1-17.1-41.2-4.5-10.8-9.1-9.3-12.5-9.5-3.2-.2-6.9-.2-10.6-.2-3.7 0-9.7 1.4-14.8 6.9-5.1 5.6-19.4 19-19.4 46.3 0 27.3 19.9 53.7 22.6 57.4 2.8 3.7 39.1 59.7 94.8 83.8 35.2 15.2 49 16.5 66.6 13.9 10.7-1.6 32.8-13.4 37.4-26.4 4.6-13 4.6-24.1 3.2-26.4-1.3-2.5-5-3.9-10.5-6.6z\"><\/path><\/svg>\t\t\t\t<\/a>\n\t\t\t\t\t\t\t\t<a href=\"https:\/\/www.google.com\/maps\/d\/edit?mid=1IX78Vo4oo4tJXGDt6ui0mAAlJ2FclSg&#038;usp=sharing%20\" class=\"ha-social-icon elementor-repeater-item-0802874  elementor-social-icon-hugehuge-maps-square-01 ha-social-icon--network\">\n\t\t\t\t\t<i class=\"huge huge-maps-square-01\"><\/i>\t\t\t\t<\/a>\n\t\t\t\t\t\t\t\t<a href=\"https:\/\/www.instagram.com\/kofe.drink\/\" class=\"ha-social-icon elementor-repeater-item-97b109f  elementor-social-icon-instagram ha-social-icon--network\">\n\t\t\t\t\t<svg class=\"e-font-icon-svg e-fab-instagram\" viewBox=\"0 0 448 512\" xmlns=\"http:\/\/www.w3.org\/2000\/svg\"><path d=\"M224.1 141c-63.6 0-114.9 51.3-114.9 114.9s51.3 114.9 114.9 114.9S339 319.5 339 255.9 287.7 141 224.1 141zm0 189.6c-41.1 0-74.7-33.5-74.7-74.7s33.5-74.7 74.7-74.7 74.7 33.5 74.7 74.7-33.6 74.7-74.7 74.7zm146.4-194.3c0 14.9-12 26.8-26.8 26.8-14.9 0-26.8-12-26.8-26.8s12-26.8 26.8-26.8 26.8 12 26.8 26.8zm76.1 27.2c-1.7-35.9-9.9-67.7-36.2-93.9-26.2-26.2-58-34.4-93.9-36.2-37-2.1-147.9-2.1-184.9 0-35.8 1.7-67.6 9.9-93.9 36.1s-34.4 58-36.2 93.9c-2.1 37-2.1 147.9 0 184.9 1.7 35.9 9.9 67.7 36.2 93.9s58 34.4 93.9 36.2c37 2.1 147.9 2.1 184.9 0 35.9-1.7 67.7-9.9 93.9-36.2 26.2-26.2 34.4-58 36.2-93.9 2.1-37 2.1-147.8 0-184.8zM398.8 388c-7.8 19.6-22.9 34.7-42.6 42.6-29.5 11.7-99.5 9-132.1 9s-102.7 2.6-132.1-9c-19.6-7.8-34.7-22.9-42.6-42.6-11.7-29.5-9-99.5-9-132.1s-2.6-102.7 9-132.1c7.8-19.6 22.9-34.7 42.6-42.6 29.5-11.7 99.5-9 132.1-9s102.7-2.6 132.1 9c19.6 7.8 34.7 22.9 42.6 42.6 11.7 29.5 9 99.5 9 132.1s2.7 102.7-9 132.1z\"><\/path><\/svg>\t\t\t\t<\/a>\n\t\t\t\t\t\t<\/div>\n\t\t\t\t\t\t<\/div>\n\t\t\t\t<\/div>\n\t\t\t\t<div class=\"elementor-element elementor-element-79eeebbe elementor-widget elementor-widget-spacer\" data-id=\"79eeebbe\" data-element_type=\"widget\" data-widget_type=\"spacer.default\">\n\t\t\t\t<div class=\"elementor-widget-container\">\n\t\t\t\t\t\t\t<div class=\"elementor-spacer\">\n\t\t\t<div class=\"elementor-spacer-inner\"><\/div>\n\t\t<\/div>\n\t\t\t\t\t\t<\/div>\n\t\t\t\t<\/div>\n\t\t\t\t<div class=\"elementor-element elementor-element-3804806 elementor-widget__width-initial elementor-absolute elementor-widget elementor-widget-image\" data-id=\"3804806\" data-element_type=\"widget\" data-settings=\"{&quot;_position&quot;:&quot;absolute&quot;}\" data-widget_type=\"image.default\">\n\t\t\t\t<div class=\"elementor-widget-container\">\n\t\t\t\t\t\t\t\t\t\t\t\t\t\t\t<img loading=\"lazy\" decoding=\"async\" width=\"768\" height=\"390\" src=\"https:\/\/kofedrink.com\/wp-content\/uploads\/2025\/05\/sdsad-1-768x390.png\" class=\"attachment-medium_large size-medium_large wp-image-7890\" alt=\"\" srcset=\"https:\/\/kofedrink.com\/wp-content\/uploads\/2025\/05\/sdsad-1-768x390.png 768w, https:\/\/kofedrink.com\/wp-content\/uploads\/2025\/05\/sdsad-1-300x152.png 300w, https:\/\/kofedrink.com\/wp-content\/uploads\/2025\/05\/sdsad-1-1024x520.png 1024w, https:\/\/kofedrink.com\/wp-content\/uploads\/2025\/05\/sdsad-1-600x305.png 600w, https:\/\/kofedrink.com\/wp-content\/uploads\/2025\/05\/sdsad-1.png 1159w\" sizes=\"(max-width: 768px) 100vw, 768px\" \/>\t\t\t\t\t\t\t\t\t\t\t\t\t\t\t<\/div>\n\t\t\t\t<\/div>\n\t\t\t\t\t<\/div>\n\t\t\t\t<\/div>\n\t\t\t\t<\/div>\n\t\t","protected":false},"excerpt":{"rendered":"<p>QUIenes somos Somos una empresa enfocada en la generaci\u00f3n de bienestar a trav\u00e9s de productos saludables que potencian el desarrollo f\u00edsico, mental y emocional. Creamos productos con mezclas de ingredientes conscientes y saludables para potenciar tu bienestar. Nuestra Misi\u00f3n En KOFE, creamos impulsos de bienestar que te impulsan a alcanzar tu m\u00e1ximo potencial. Nuestra misi\u00f3n [&hellip;]<\/p>\n","protected":false},"author":1,"featured_media":0,"parent":0,"menu_order":0,"comment_status":"closed","ping_status":"closed","template":"","meta":{"_joinchat":[],"footnotes":""},"class_list":["post-2373","page","type-page","status-publish","hentry"],"_links":{"self":[{"href":"https:\/\/kofedrink.com\/index.php\/wp-json\/wp\/v2\/pages\/2373","targetHints":{"allow":["GET"]}}],"collection":[{"href":"https:\/\/kofedrink.com\/index.php\/wp-json\/wp\/v2\/pages"}],"about":[{"href":"https:\/\/kofedrink.com\/index.php\/wp-json\/wp\/v2\/types\/page"}],"author":[{"embeddable":true,"href":"https:\/\/kofedrink.com\/index.php\/wp-json\/wp\/v2\/users\/1"}],"replies":[{"embeddable":true,"href":"https:\/\/kofedrink.com\/index.php\/wp-json\/wp\/v2\/comments?post=2373"}],"version-history":[{"count":155,"href":"https:\/\/kofedrink.com\/index.php\/wp-json\/wp\/v2\/pages\/2373\/revisions"}],"predecessor-version":[{"id":8130,"href":"https:\/\/kofedrink.com\/index.php\/wp-json\/wp\/v2\/pages\/2373\/revisions\/8130"}],"wp:attachment":[{"href":"https:\/\/kofedrink.com\/index.php\/wp-json\/wp\/v2\/media?parent=2373"}],"curies":[{"name":"wp","href":"https:\/\/api.w.org\/{rel}","templated":true}]}}